{"id":267,"date":"2018-03-14T13:54:00","date_gmt":"2018-03-14T12:54:00","guid":{"rendered":"http:\/\/www.kv-rassegefl\u00fcgelz\u00fcchter-mettmann.de\/\/?page_id=267"},"modified":"2019-03-07T07:51:10","modified_gmt":"2019-03-07T06:51:10","slug":"links","status":"publish","type":"page","link":"http:\/\/www.kv-rassegefl\u00fcgelz\u00fcchter-mettmann.de\/?page_id=267","title":{"rendered":"Links"},"content":{"rendered":"<p><a href=\"https:\/\/www.bdrg.de\/\">Bund Deutscher Rassegefl\u00fcgelz\u00fcchter<\/a><\/p>\n<p><a href=\"https:\/\/www.lvrr.de\/\">Landesverband Rheinischer Rassegefl\u00fcgelz\u00fcchter e.V.<\/a><\/p>\n<p><a href=\"https:\/\/www.rassegefluegel-langenberg.de\/\">Rassegefl\u00fcgelzuchtverein Langenberg 1871 e.V.<\/a><\/p>\n<p><a href=\"http:\/\/rgzv-haan.de\/\">Rassegefl\u00fcgelzuchtverein Haan <\/a><\/p>\n<p><a href=\"http:\/\/rgzv-mettmann-metzkausen.de\/\">Rasse- und Ziergefl\u00fcgelzuchtverein Mettmann-Metzkausen 2007 e.V.<\/a><\/p>\n<p><a href=\"http:\/\/www.rassegefluegel-wuppertal.de\">Stadtverband Wuppertaler RGZV e.V. <\/a><\/p>\n<p><a href=\"http:\/\/rassegefluegel-cronenberg.de\">RGZV Cronenberg 1950 e.V.<\/a><\/p>\n<p>Trotz sorgf\u00e4ltiger inhaltlicher Kontrolle \u00fcbernehmen wir keine Haftung f\u00fcr die Inhalte externer Links. F\u00fcr den Inhalt der verlinkten Seiten sind ausschlie\u00dflich deren Betreiber verantwortlich.Alle hier verwendeten Namen, Begriffe, Zeichen und Grafiken k\u00f6nnen Marken- oder Warenzeichen im Besitze ihrer rechtlichen Eigent\u00fcmer sein. Die Rechte aller erw\u00e4hnten und benutzten Marken- und Warenzeichen liegen ausschlie\u00dflich bei deren Besitzern.<\/p>\n","protected":false},"excerpt":{"rendered":"<p>Bund Deutscher Rassegefl\u00fcgelz\u00fcchter Landesverband Rheinischer Rassegefl\u00fcgelz\u00fcchter e.V. Rassegefl\u00fcgelzuchtverein Langenberg 1871 e.V. Rassegefl\u00fcgelzuchtverein Haan Rasse- und Ziergefl\u00fcgelzuchtverein Mettmann-Metzkausen 2007 e.V. Stadtverband Wuppertaler RGZV e.V. RGZV Cronenberg 1950 e.V. Trotz sorgf\u00e4ltiger inhaltlicher Kontrolle \u00fcbernehmen wir keine Haftung f\u00fcr die Inhalte externer Links. F\u00fcr den Inhalt der verlinkten Seiten sind ausschlie\u00dflich deren Betreiber verantwortlich.Alle hier verwendeten Namen, Begriffe, Zeichen und Grafiken k\u00f6nnen Marken- oder Warenzeichen im Besitze ihrer rechtlichen Eigent\u00fcmer sein. Die Rechte aller erw\u00e4hnten und benutzten Marken- und Warenzeichen liegen ausschlie\u00dflich bei deren Besitzern.<\/p>\n","protected":false},"author":1,"featured_media":0,"parent":0,"menu_order":0,"comment_status":"closed","ping_status":"closed","template":"","meta":[],"_links":{"self":[{"href":"http:\/\/www.kv-rassegefl\u00fcgelz\u00fcchter-mettmann.de\/index.php?rest_route=\/wp\/v2\/pages\/267"}],"collection":[{"href":"http:\/\/www.kv-rassegefl\u00fcgelz\u00fcchter-mettmann.de\/index.php?rest_route=\/wp\/v2\/pages"}],"about":[{"href":"http:\/\/www.kv-rassegefl\u00fcgelz\u00fcchter-mettmann.de\/index.php?rest_route=\/wp\/v2\/types\/page"}],"author":[{"embeddable":true,"href":"http:\/\/www.kv-rassegefl\u00fcgelz\u00fcchter-mettmann.de\/index.php?rest_route=\/wp\/v2\/users\/1"}],"replies":[{"embeddable":true,"href":"http:\/\/www.kv-rassegefl\u00fcgelz\u00fcchter-mettmann.de\/index.php?rest_route=%2Fwp%2Fv2%2Fcomments&post=267"}],"version-history":[{"count":5,"href":"http:\/\/www.kv-rassegefl\u00fcgelz\u00fcchter-mettmann.de\/index.php?rest_route=\/wp\/v2\/pages\/267\/revisions"}],"predecessor-version":[{"id":335,"href":"http:\/\/www.kv-rassegefl\u00fcgelz\u00fcchter-mettmann.de\/index.php?rest_route=\/wp\/v2\/pages\/267\/revisions\/335"}],"wp:attachment":[{"href":"http:\/\/www.kv-rassegefl\u00fcgelz\u00fcchter-mettmann.de\/index.php?rest_route=%2Fwp%2Fv2%2Fmedia&parent=267"}],"curies":[{"name":"wp","href":"https:\/\/api.w.org\/{rel}","templated":true}]}}