{"id":263,"date":"2018-03-14T13:53:40","date_gmt":"2018-03-14T12:53:40","guid":{"rendered":"http:\/\/www.kv-rassegefl\u00fcgelz\u00fcchter-mettmann.de\/\/?page_id=263"},"modified":"2023-04-13T11:36:04","modified_gmt":"2023-04-13T09:36:04","slug":"kreismeister","status":"publish","type":"page","link":"http:\/\/www.kv-rassegefl\u00fcgelz\u00fcchter-mettmann.de\/?page_id=263","title":{"rendered":"Kreiseinzelmeister &#038; Kreisvereinsmeister"},"content":{"rendered":"\n<p><strong>Kreiseinzelmeister 2022<\/strong><\/p>\n\n\n\n<p>H\u00fchner Gro\u00df und Wassergefl\u00fcgel:   Willi K\u00f6rsgen<br>                                                         Amerikanische Leghorn mit 1133 Punkten<\/p>\n\n\n\n<p>Zwergh\u00fchner:<br><\/p>\n\n\n\n<p>Tauben:                                            Karl Wahnem\u00fchl<br>                                                        Komorner T\u00fcmmler mit 1141 Punkten<\/p>\n\n\n\n<p>Ziergefl\u00fcgel:<br><\/p>\n\n\n\n<p>Jugend:<br><\/p>\n\n\n\n<p class=\"has-text-color\" style=\"color:#ffffff\">.<\/p>\n\n\n\n<p><strong>Kreisvereinsmeister 2022<\/strong>                            RZGZV Mettmann Metzkausen mit 1903 Punkten<\/p>\n","protected":false},"excerpt":{"rendered":"<p>Kreiseinzelmeister 2022 H\u00fchner Gro\u00df und Wassergefl\u00fcgel: Willi K\u00f6rsgen Amerikanische Leghorn mit 1133 Punkten Zwergh\u00fchner: Tauben: Karl Wahnem\u00fchl Komorner T\u00fcmmler mit 1141 Punkten Ziergefl\u00fcgel: Jugend: . Kreisvereinsmeister 2022 RZGZV Mettmann Metzkausen mit 1903 Punkten<\/p>\n","protected":false},"author":1,"featured_media":0,"parent":0,"menu_order":0,"comment_status":"closed","ping_status":"closed","template":"","meta":[],"_links":{"self":[{"href":"http:\/\/www.kv-rassegefl\u00fcgelz\u00fcchter-mettmann.de\/index.php?rest_route=\/wp\/v2\/pages\/263"}],"collection":[{"href":"http:\/\/www.kv-rassegefl\u00fcgelz\u00fcchter-mettmann.de\/index.php?rest_route=\/wp\/v2\/pages"}],"about":[{"href":"http:\/\/www.kv-rassegefl\u00fcgelz\u00fcchter-mettmann.de\/index.php?rest_route=\/wp\/v2\/types\/page"}],"author":[{"embeddable":true,"href":"http:\/\/www.kv-rassegefl\u00fcgelz\u00fcchter-mettmann.de\/index.php?rest_route=\/wp\/v2\/users\/1"}],"replies":[{"embeddable":true,"href":"http:\/\/www.kv-rassegefl\u00fcgelz\u00fcchter-mettmann.de\/index.php?rest_route=%2Fwp%2Fv2%2Fcomments&post=263"}],"version-history":[{"count":7,"href":"http:\/\/www.kv-rassegefl\u00fcgelz\u00fcchter-mettmann.de\/index.php?rest_route=\/wp\/v2\/pages\/263\/revisions"}],"predecessor-version":[{"id":656,"href":"http:\/\/www.kv-rassegefl\u00fcgelz\u00fcchter-mettmann.de\/index.php?rest_route=\/wp\/v2\/pages\/263\/revisions\/656"}],"wp:attachment":[{"href":"http:\/\/www.kv-rassegefl\u00fcgelz\u00fcchter-mettmann.de\/index.php?rest_route=%2Fwp%2Fv2%2Fmedia&parent=263"}],"curies":[{"name":"wp","href":"https:\/\/api.w.org\/{rel}","templated":true}]}}