{"id":257,"date":"2018-03-14T13:52:00","date_gmt":"2018-03-14T12:52:00","guid":{"rendered":"http:\/\/www.kv-rassegefl\u00fcgelz\u00fcchter-mettmann.de\/\/?page_id=257"},"modified":"2025-11-10T08:52:49","modified_gmt":"2025-11-10T07:52:49","slug":"vereine","status":"publish","type":"page","link":"http:\/\/www.kv-rassegefl\u00fcgelz\u00fcchter-mettmann.de\/?page_id=257","title":{"rendered":"Vereine"},"content":{"rendered":"<table border=\"0\" width=\"100%\" cellspacing=\"0\" cellpadding=\"0\">\n<tbody>\n<tr>\n<td width=\"100%\">\n<p align=\"center\"><span style=\"font-family: georgia, palatino, serif;\"><b>Der Kreisverband der Rassegefl\u00fcgelz\u00fcchter Mettmann besteht aktuell aus 9 Ortsvereinen im Kreis Mettmann einschl. D\u00fcsseldorf.<\/b><\/span><\/p>\n<\/td>\n<\/tr>\n<\/tbody>\n<\/table>\n<table style=\"width: 100%; height: 712px;\" border=\"0\" cellspacing=\"0\" cellpadding=\"0\">\n<tbody>\n<tr style=\"height: 23px;\">\n<td style=\"width: 20%; height: 23px;\" width=\"20%\"><\/td>\n<td style=\"width: 20%; height: 23px;\" width=\"20%\"><\/td>\n<td style=\"width: 20%; height: 23px;\" width=\"20%\"><\/td>\n<td style=\"width: 17.9762%; height: 23px;\" width=\"20%\"><\/td>\n<td style=\"width: 22.0238%; height: 23px;\" width=\"20%\"><\/td>\n<\/tr>\n<tr style=\"height: 48px;\">\n<td style=\"width: 20%; height: 48px;\" width=\"20%\"><span style=\"font-family: georgia, palatino, serif;\"><b> <a title=\"D\u00fcsseldorfer GZV v. 1883\" href=\"http:\/\/www.gzv-duesseldorf.de\/\" target=\"_blank\" rel=\"noopener noreferrer\">D\u00fcsseldorfer GZV v.1883<\/a><\/b><\/span><\/td>\n<td style=\"width: 20%; height: 48px;\" width=\"20%\"><\/td>\n<td style=\"width: 20%; height: 48px;\" width=\"20%\"><\/td>\n<td style=\"width: 17.9762%; height: 48px;\" width=\"20%\"><\/td>\n<td style=\"width: 22.0238%; height: 48px;\" width=\"20%\"><\/td>\n<\/tr>\n<tr style=\"height: 24px;\">\n<td style=\"width: 20%; height: 24px;\" width=\"20%\"><span style=\"font-family: georgia, palatino, serif;\">\u00a0<\/span><\/td>\n<td style=\"width: 20%; height: 24px;\" width=\"20%\"><span style=\"font-family: georgia, palatino, serif;\">\u00a0<\/span><\/td>\n<td style=\"width: 20%; height: 24px;\" width=\"20%\"><span style=\"font-family: georgia, palatino, serif;\">\u00a0<\/span><\/td>\n<td style=\"width: 17.9762%; height: 24px;\" width=\"20%\"><span style=\"font-family: georgia, palatino, serif;\">\u00a0<\/span><\/td>\n<td style=\"width: 22.0238%; height: 24px;\" width=\"20%\"><span style=\"font-family: georgia, palatino, serif;\">\u00a0<\/span><\/td>\n<\/tr>\n<tr style=\"height: 72px;\">\n<td style=\"width: 20%; height: 72px;\" width=\"20%\"><span style=\"font-family: georgia, palatino, serif;\"><a href=\"http:\/\/www.rassegefluegel-langenberg.de\/\" target=\"_blank\" rel=\"noopener noreferrer\"><b>RGZV Langenberg 1871 e.V.<\/b><\/a><\/span><\/td>\n<td style=\"width: 20%; height: 72px;\" width=\"20%\"><span style=\"font-family: georgia, palatino, serif;\">\u00a0Fred Manhold <\/span><\/td>\n<td style=\"width: 20%; height: 72px;\" width=\"20%\"><span style=\"font-family: georgia, palatino, serif;\">\u00a0Feldstr. 90<br \/>\n<\/span><\/td>\n<td style=\"width: 17.9762%; height: 72px;\" width=\"20%\"><span style=\"font-family: georgia, palatino, serif;\">\u00a042555 Velbert<br \/>\n<\/span><\/td>\n<td style=\"width: 22.0238%; height: 72px;\" width=\"20%\"><span style=\"font-family: georgia, palatino, serif;\">\u00a00171 1419465<br \/>\n<\/span><\/td>\n<\/tr>\n<tr style=\"height: 24px;\">\n<td style=\"width: 20%; height: 24px;\" width=\"20%\"><span style=\"font-family: georgia, palatino, serif;\">\u00a0<\/span><\/td>\n<td style=\"width: 20%; height: 24px;\" width=\"20%\"><span style=\"font-family: georgia, palatino, serif;\">\u00a0<\/span><\/td>\n<td style=\"width: 20%; height: 24px;\" width=\"20%\"><span style=\"font-family: georgia, palatino, serif;\">\u00a0<\/span><\/td>\n<td style=\"width: 17.9762%; height: 24px;\" width=\"20%\"><span style=\"font-family: georgia, palatino, serif;\">\u00a0<\/span><\/td>\n<td style=\"width: 22.0238%; height: 24px;\" width=\"20%\"><span style=\"font-family: georgia, palatino, serif;\">\u00a0<\/span><\/td>\n<\/tr>\n<tr style=\"height: 24px;\">\n<td style=\"width: 20%; height: 24px;\" width=\"20%\"><span style=\"font-family: georgia, palatino, serif;\"><b> <a href=\"http:\/\/rgzv-haan.de\/\" target=\"_blank\" rel=\"noopener noreferrer\">RGZV Haan 1891<\/a><\/b><\/span><\/td>\n<td style=\"width: 20%; height: 24px;\" width=\"20%\">Sabine Lanzinger-Clauberg<\/td>\n<td style=\"width: 20%; height: 24px;\" width=\"20%\">Bertramsm\u00fchle 9<\/td>\n<td style=\"width: 17.9762%; height: 24px;\" width=\"20%\">42659 Solingen<\/td>\n<td style=\"width: 22.0238%; height: 24px;\" width=\"20%\">0212 45557<br \/>\nei-kueken-huhn@web.de<\/td>\n<\/tr>\n<tr style=\"height: 24px;\">\n<td style=\"width: 20%; height: 24px;\" width=\"20%\"><\/td>\n<td style=\"width: 20%; height: 24px;\" width=\"20%\"><\/td>\n<td style=\"width: 20%; height: 24px;\" width=\"20%\"><span style=\"font-family: georgia, palatino, serif;\">\u00a0<\/span><\/td>\n<td style=\"width: 17.9762%; height: 24px;\" width=\"20%\"><span style=\"font-family: georgia, palatino, serif;\">\u00a0<\/span><\/td>\n<td style=\"width: 22.0238%; height: 24px;\" width=\"20%\"><span style=\"font-family: georgia, palatino, serif;\">\u00a0<\/span><\/td>\n<\/tr>\n<tr style=\"height: 48px;\">\n<td style=\"width: 20%; height: 48px;\" width=\"20%\"><a href=\"https:\/\/rassegefluegel-fauna-hilden.de\/\"><span style=\"font-family: georgia, palatino, serif;\"><b> RGZV Fauna Hilden von 1895<\/b><\/span><\/a><\/td>\n<td style=\"width: 20%; height: 48px;\" width=\"20%\">G\u00fcnter Budinsky<\/td>\n<td style=\"width: 20%; height: 48px;\" width=\"20%\">Verlach 15<\/td>\n<td style=\"width: 17.9762%; height: 48px;\" width=\"20%\">42679 Solingen<\/td>\n<td style=\"width: 22.0238%; height: 48px;\" width=\"20%\">0212\/2681466<br \/>\n01733611359<br \/>\nrtb@reitanlage-verlach.de<\/td>\n<\/tr>\n<tr style=\"height: 23px;\">\n<td style=\"width: 20%; height: 23px;\" width=\"20%\"><\/td>\n<td style=\"width: 20%; height: 23px;\" width=\"20%\"><\/td>\n<td style=\"width: 20%; height: 23px;\" width=\"20%\"><\/td>\n<td style=\"width: 17.9762%; height: 23px;\" width=\"20%\"><\/td>\n<td style=\"width: 22.0238%; height: 23px;\" width=\"20%\"><\/td>\n<\/tr>\n<tr style=\"height: 96px;\">\n<td style=\"width: 20%; height: 96px;\" width=\"20%\"><span style=\"font-family: georgia, palatino, serif;\"><b><a title=\"RGZV Mettmann-Metzkausen 2007 e.V.\" href=\"http:\/\/rgzv-mettmann-metzkausen.de\/\" target=\"_blank\" rel=\"noopener noreferrer\">RZGZV Mettmann-Metzkausen 2007 e.V.<\/a><\/b><\/span><\/td>\n<td style=\"width: 20%; height: 96px;\" width=\"20%\"><span style=\"font-family: georgia, palatino, serif;\">Stefan Krus<\/span><\/td>\n<td style=\"width: 20%; height: 96px;\" width=\"20%\"><span style=\"font-family: georgia, palatino, serif;\">Karpendeller Weg 12a<br \/>\n<\/span><\/td>\n<td style=\"width: 17.9762%; height: 96px;\" width=\"20%\"><span style=\"font-family: georgia, palatino, serif;\">40822 Mettmann<br \/>\n<\/span><\/td>\n<td style=\"width: 22.0238%; height: 96px;\" width=\"20%\"><span style=\"font-family: georgia, palatino, serif;\">02104\/ 831899<br \/>\n<\/span><\/td>\n<\/tr>\n<tr style=\"height: 23px;\">\n<td style=\"width: 20%; height: 23px;\" width=\"20%\"><\/td>\n<td style=\"width: 20%; height: 23px;\" width=\"20%\"><\/td>\n<td style=\"width: 20%; height: 23px;\" width=\"20%\"><\/td>\n<td style=\"width: 17.9762%; height: 23px;\" width=\"20%\"><\/td>\n<td style=\"width: 22.0238%; height: 23px;\" width=\"20%\"><\/td>\n<\/tr>\n<tr style=\"height: 70px;\">\n<td style=\"width: 20%; height: 70px;\" width=\"20%\"><span style=\"font-family: georgia, palatino, serif;\"><b>RGZV Gruiten 1908 e.V.<\/b><\/span><\/td>\n<td style=\"width: 20%; height: 70px;\" width=\"20%\"><span style=\"font-family: georgia, palatino, serif;\"> Peter Theis<\/span><\/td>\n<td style=\"width: 20%; height: 70px;\" width=\"20%\"><span style=\"font-family: georgia, palatino, serif;\"> Kampstr. 127a<br \/>\n<\/span><\/td>\n<td style=\"width: 17.9762%; height: 70px;\" width=\"20%\"><span style=\"font-family: georgia, palatino, serif;\"> 42781 Haan<\/span><\/td>\n<td style=\"width: 22.0238%; height: 70px;\" width=\"20%\">01703712662, peter@theis-haan.de<\/td>\n<\/tr>\n<tr style=\"height: 23px;\">\n<td style=\"width: 20%; height: 23px;\" width=\"20%\"><\/td>\n<td style=\"width: 20%; height: 23px;\" width=\"20%\"><\/td>\n<td style=\"width: 20%; height: 23px;\" width=\"20%\"><\/td>\n<td style=\"width: 17.9762%; height: 23px;\" width=\"20%\"><\/td>\n<td style=\"width: 22.0238%; height: 23px;\" width=\"20%\"><\/td>\n<\/tr>\n<tr style=\"height: 48px;\">\n<td style=\"width: 20%; height: 48px;\" width=\"20%\"><span style=\"font-family: georgia, palatino, serif;\"><b>RGZV Fauna Ratingen 1932<\/b><\/span><\/td>\n<td style=\"width: 20%; height: 48px;\" width=\"20%\"><span style=\"font-family: georgia, palatino, serif;\">Dr. Friedhelm Bartnik<\/span><\/td>\n<td style=\"width: 20%; height: 48px;\" width=\"20%\"><span style=\"font-family: georgia, palatino, serif;\">Melanchtonstr. 13<\/span><\/td>\n<td style=\"width: 17.9762%; height: 48px;\" width=\"20%\"><span style=\"font-family: georgia, palatino, serif;\">40597 D\u00fcsseldorf<\/span><\/td>\n<td style=\"width: 22.0238%; height: 48px;\" width=\"20%\"><span style=\"font-family: georgia, palatino, serif;\">0211\/716670<\/span><\/td>\n<\/tr>\n<tr style=\"height: 24px;\">\n<td style=\"width: 20%; height: 24px;\" width=\"20%\"><span style=\"font-family: georgia, palatino, serif;\">\u00a0<\/span><\/td>\n<td style=\"width: 20%; height: 24px;\" width=\"20%\"><span style=\"font-family: georgia, palatino, serif;\">\u00a0<\/span><\/td>\n<td style=\"width: 20%; height: 24px;\" width=\"20%\"><span style=\"font-family: georgia, palatino, serif;\">\u00a0<\/span><\/td>\n<td style=\"width: 17.9762%; height: 24px;\" width=\"20%\"><span style=\"font-family: georgia, palatino, serif;\">\u00a0<\/span><\/td>\n<td style=\"width: 22.0238%; height: 24px;\" width=\"20%\"><span style=\"font-family: georgia, palatino, serif;\">\u00a0<\/span><\/td>\n<\/tr>\n<tr style=\"height: 48px;\">\n<td style=\"width: 20%; height: 48px;\" width=\"20%\"><span style=\"font-family: georgia, palatino, serif;\"><b>RGZV Heiligenhaus<\/b><\/span><\/td>\n<td style=\"width: 20%; height: 48px;\" width=\"20%\"><span style=\"font-family: georgia, palatino, serif;\">Dieter Hornscheid<\/span><\/td>\n<td style=\"width: 20%; height: 48px;\" width=\"20%\"><span style=\"font-family: georgia, palatino, serif;\">Ostpreu\u00dfenstr. 36<\/span><\/td>\n<td style=\"width: 17.9762%; height: 48px;\" width=\"20%\"><span style=\"font-family: georgia, palatino, serif;\">40822 Mettmann<\/span><\/td>\n<td style=\"width: 22.0238%; height: 48px;\" width=\"20%\"><span style=\"font-family: georgia, palatino, serif;\">02058\/70937<\/span><\/td>\n<\/tr>\n<tr style=\"height: 24px;\">\n<td style=\"width: 20%; height: 24px;\" width=\"20%\"><span style=\"font-family: georgia, palatino, serif;\">\u00a0<\/span><\/td>\n<td style=\"width: 20%; height: 24px;\" width=\"20%\"><span style=\"font-family: georgia, palatino, serif;\">\u00a0<\/span><\/td>\n<td style=\"width: 20%; height: 24px;\" width=\"20%\"><span style=\"font-family: georgia, palatino, serif;\">\u00a0<\/span><\/td>\n<td style=\"width: 17.9762%; height: 24px;\" width=\"20%\"><span style=\"font-family: georgia, palatino, serif;\">\u00a0<\/span><\/td>\n<td style=\"width: 22.0238%; height: 24px;\" width=\"20%\"><span style=\"font-family: georgia, palatino, serif;\">\u00a0<\/span><\/td>\n<\/tr>\n<tr style=\"height: 46px;\">\n<td style=\"width: 20%; height: 46px;\" width=\"20%\"><b>RGZV Erkrath 1957 e.V.<\/b><\/td>\n<td style=\"width: 20%; height: 46px;\" width=\"20%\">Karl Wahnem\u00fchl<\/td>\n<td style=\"width: 20%; height: 46px;\" width=\"20%\">Schildsheider Str. 72<\/td>\n<td style=\"width: 17.9762%; height: 46px;\" width=\"20%\">40699 Erkrath<\/td>\n<td style=\"width: 22.0238%; height: 46px;\" width=\"20%\">02104\/41639<\/td>\n<\/tr>\n<\/tbody>\n<\/table>\n","protected":false},"excerpt":{"rendered":"<p>Der Kreisverband der Rassegefl\u00fcgelz\u00fcchter Mettmann besteht aktuell aus 9 Ortsvereinen im Kreis Mettmann einschl. D\u00fcsseldorf. D\u00fcsseldorfer GZV v.1883 \u00a0 \u00a0 \u00a0 \u00a0 \u00a0 RGZV Langenberg 1871 e.V. \u00a0Fred Manhold \u00a0Feldstr. 90 \u00a042555 Velbert \u00a00171 1419465 \u00a0 \u00a0 \u00a0 \u00a0 \u00a0 RGZV Haan 1891 Sabine Lanzinger-Clauberg Bertramsm\u00fchle 9 42659 Solingen 0212 45557 ei-kueken-huhn@web.de \u00a0 \u00a0 \u00a0 RGZV Fauna Hilden von 1895 G\u00fcnter Budinsky Verlach 15 42679 Solingen 0212\/2681466 01733611359 rtb@reitanlage-verlach.de RZGZV Mettmann-Metzkausen 2007 e.V. Stefan Krus Karpendeller Weg 12a 40822 Mettmann 02104\/ 831899 RGZV Gruiten 1908 e.V. Peter Theis Kampstr. 127a 42781 Haan 01703712662, peter@theis-haan.de RGZV Fauna Ratingen 1932 Dr. Friedhelm[&#8230;]<\/p>\n","protected":false},"author":1,"featured_media":0,"parent":0,"menu_order":0,"comment_status":"closed","ping_status":"closed","template":"","meta":[],"_links":{"self":[{"href":"http:\/\/www.kv-rassegefl\u00fcgelz\u00fcchter-mettmann.de\/index.php?rest_route=\/wp\/v2\/pages\/257"}],"collection":[{"href":"http:\/\/www.kv-rassegefl\u00fcgelz\u00fcchter-mettmann.de\/index.php?rest_route=\/wp\/v2\/pages"}],"about":[{"href":"http:\/\/www.kv-rassegefl\u00fcgelz\u00fcchter-mettmann.de\/index.php?rest_route=\/wp\/v2\/types\/page"}],"author":[{"embeddable":true,"href":"http:\/\/www.kv-rassegefl\u00fcgelz\u00fcchter-mettmann.de\/index.php?rest_route=\/wp\/v2\/users\/1"}],"replies":[{"embeddable":true,"href":"http:\/\/www.kv-rassegefl\u00fcgelz\u00fcchter-mettmann.de\/index.php?rest_route=%2Fwp%2Fv2%2Fcomments&post=257"}],"version-history":[{"count":26,"href":"http:\/\/www.kv-rassegefl\u00fcgelz\u00fcchter-mettmann.de\/index.php?rest_route=\/wp\/v2\/pages\/257\/revisions"}],"predecessor-version":[{"id":739,"href":"http:\/\/www.kv-rassegefl\u00fcgelz\u00fcchter-mettmann.de\/index.php?rest_route=\/wp\/v2\/pages\/257\/revisions\/739"}],"wp:attachment":[{"href":"http:\/\/www.kv-rassegefl\u00fcgelz\u00fcchter-mettmann.de\/index.php?rest_route=%2Fwp%2Fv2%2Fmedia&parent=257"}],"curies":[{"name":"wp","href":"https:\/\/api.w.org\/{rel}","templated":true}]}}